{"id":2364,"date":"2021-12-15T09:58:22","date_gmt":"2021-12-15T09:58:22","guid":{"rendered":"https:\/\/seamare.eu\/ueber-uns\/"},"modified":"2021-12-15T11:37:37","modified_gmt":"2021-12-15T11:37:37","slug":"ueber-uns","status":"publish","type":"page","link":"https:\/\/seamare.eu\/de\/ueber-uns\/","title":{"rendered":"\u00dcber uns"},"content":{"rendered":"\n<div style=\"height:40px\" aria-hidden=\"true\" class=\"wp-block-spacer\"><\/div>\n\n\n\n<div class=\"wp-block-columns has-2-columns\">\n<div class=\"wp-block-column\">\n<figure class=\"wp-block-image size-full is-style-default\"><img loading=\"lazy\" width=\"800\" height=\"800\" src=\"https:\/\/seamare.eu\/wp-content\/uploads\/2021\/11\/about.jpg\" alt=\"\" class=\"wp-image-1450\" srcset=\"https:\/\/seamare.eu\/wp-content\/uploads\/2021\/11\/about.jpg 800w, https:\/\/seamare.eu\/wp-content\/uploads\/2021\/11\/about-300x300.jpg 300w, https:\/\/seamare.eu\/wp-content\/uploads\/2021\/11\/about-150x150.jpg 150w, https:\/\/seamare.eu\/wp-content\/uploads\/2021\/11\/about-768x768.jpg 768w\" sizes=\"(max-width: 800px) 100vw, 800px\" \/><\/figure>\n<\/div>\n\n\n\n<div class=\"wp-block-column\">\n<div class=\"wp-block-getwid-advanced-heading\" style=\"margin-bottom:0px\"><h2 class=\"wp-block-getwid-advanced-heading__content has-text-color has-light-sea-green-color\" style=\"font-family:&quot;Fasthand&quot;;font-weight:normal\">Seamare istrische Familienh\u00e4user<\/h2><\/div>\n\n\n\n<div class=\"wp-block-getwid-advanced-heading\"><h2 class=\"wp-block-getwid-advanced-heading__content\">Macht Ihren Traumurlaub wahr <\/h2><\/div>\n\n\n\n<p>Seamare bietet einen erholsamen Familienurlaub in unseren Villen in Istrien. Von Pula, Vodnjan, Savincenat bieten wir renovierte und angenehm eingerichtete Villen mit Pool an. <\/p>\n\n\n\n<p>Unser Buchungsmanager verwaltet diese Objekte und unser Gastgeber wird Sie vor Ort begr\u00fc\u00dfen. Wir sprechen Englisch und freuen uns, Sie in unseren komfortablen Villen begr\u00fc\u00dfen zu d\u00fcrfen. <\/p>\n<\/div>\n<\/div>\n\n\n\n<div class=\"wp-block-getwid-advanced-heading\" style=\"margin-bottom:0px;margin-top:46px\"><h2 class=\"wp-block-getwid-advanced-heading__content has-text-color has-light-sea-green-color\" style=\"text-align:center;font-family:&quot;Fasthand&quot;;font-weight:normal\">Warum wir<\/h2><\/div>\n\n\n\n<div class=\"wp-block-getwid-advanced-heading\" style=\"margin-bottom:45px;margin-top:0px\"><h2 class=\"wp-block-getwid-advanced-heading__content\" style=\"text-align:center\"> Denn unsere Aufgabe ist es, die Dinge einfach zu halten<\/h2><\/div>\n\n\n\n<div class=\"wp-block-columns has-3-columns\">\n<div class=\"wp-block-column\">\n<div class=\"wp-block-getwid-section is-style-bordered is-style-rounded is-style-fit-parent\"><div class=\"wp-block-getwid-section__wrapper getwid-padding-top-medium getwid-padding-bottom-medium getwid-padding-left-medium getwid-padding-right-medium getwid-align-items-flex-start\"><div class=\"wp-block-getwid-section__inner-wrapper\"><div class=\"wp-block-getwid-section__background-holder\"><div class=\"wp-block-getwid-section__background has-background has-white-background-color\"><\/div><div class=\"wp-block-getwid-section__foreground\"><\/div><\/div><div class=\"wp-block-getwid-section__content\"><div class=\"wp-block-getwid-section__inner-content\">\n<div class=\"wp-block-getwid-image-box getwid-animation has-text-center has-mobile-layout-default has-mobile-alignment-default\" data-animation=\"slideBottom\"><div style=\"margin-bottom:30px\" class=\"wp-block-getwid-image-box__image-container is-position-top\"><a href=\"#\" class=\"wp-block-getwid-image-box__image-wrapper\"><img loading=\"lazy\" width=\"64\" height=\"64\" src=\"https:\/\/seamare.eu\/wp-content\/uploads\/2019\/09\/warranty-and-return.png\" alt=\"\" class=\"wp-block-getwid-image-box__image wp-image-715\"\/><\/a><\/div><div class=\"wp-block-getwid-image-box__content\">\n<div class=\"wp-block-getwid-advanced-heading\" style=\"margin-bottom:20px\"><h4 class=\"wp-block-getwid-advanced-heading__content\">Erfahrenes Reiseb\u00fcro<\/h4><\/div>\n\n\n\n<p>Zu Ihren Diensten 0\/24<\/p>\n<\/div><\/div>\n<\/div><\/div><\/div><\/div><\/div>\n<\/div>\n\n\n\n<div class=\"wp-block-column\">\n<div class=\"wp-block-getwid-section is-style-bordered is-style-rounded is-style-fit-parent\"><div class=\"wp-block-getwid-section__wrapper getwid-padding-top-medium getwid-padding-bottom-medium getwid-padding-left-medium getwid-padding-right-medium getwid-align-items-flex-start\"><div class=\"wp-block-getwid-section__inner-wrapper\"><div class=\"wp-block-getwid-section__background-holder\"><div class=\"wp-block-getwid-section__background has-background has-white-background-color\"><\/div><div class=\"wp-block-getwid-section__foreground\"><\/div><\/div><div class=\"wp-block-getwid-section__content\"><div class=\"wp-block-getwid-section__inner-content\">\n<div class=\"wp-block-getwid-image-box getwid-animation has-text-center has-mobile-layout-default has-mobile-alignment-default\" data-animation=\"slideBottom\"><div style=\"margin-bottom:30px\" class=\"wp-block-getwid-image-box__image-container is-position-top\"><a href=\"#\" class=\"wp-block-getwid-image-box__image-wrapper\"><img loading=\"lazy\" width=\"64\" height=\"64\" src=\"https:\/\/seamare.eu\/wp-content\/uploads\/2019\/09\/integrity1.png\" alt=\"\" class=\"wp-block-getwid-image-box__image wp-image-844\"\/><\/a><\/div><div class=\"wp-block-getwid-image-box__content\">\n<div class=\"wp-block-getwid-advanced-heading\" style=\"margin-bottom:20px\"><h4 class=\"wp-block-getwid-advanced-heading__content\">Vertrauen &amp; Sicherheit<\/h4><\/div>\n\n\n\n<p>Im Gesch\u00e4ft seit 1991<\/p>\n<\/div><\/div>\n<\/div><\/div><\/div><\/div><\/div>\n<\/div>\n\n\n\n<div class=\"wp-block-column\">\n<div class=\"wp-block-getwid-section is-style-bordered is-style-rounded is-style-fit-parent\"><div class=\"wp-block-getwid-section__wrapper getwid-padding-top-medium getwid-padding-bottom-medium getwid-padding-left-medium getwid-padding-right-medium getwid-align-items-flex-start\"><div class=\"wp-block-getwid-section__inner-wrapper\"><div class=\"wp-block-getwid-section__background-holder\"><div class=\"wp-block-getwid-section__background has-background has-white-background-color\"><\/div><div class=\"wp-block-getwid-section__foreground\"><\/div><\/div><div class=\"wp-block-getwid-section__content\"><div class=\"wp-block-getwid-section__inner-content\">\n<div class=\"wp-block-getwid-image-box getwid-animation has-text-center has-mobile-layout-default has-mobile-alignment-default\" data-animation=\"slideBottom\"><div style=\"margin-bottom:30px\" class=\"wp-block-getwid-image-box__image-container is-position-top\"><a href=\"#\" class=\"wp-block-getwid-image-box__image-wrapper\"><img loading=\"lazy\" width=\"64\" height=\"64\" src=\"https:\/\/seamare.eu\/wp-content\/uploads\/2019\/09\/mastery1.png\" alt=\"\" class=\"wp-block-getwid-image-box__image wp-image-845\"\/><\/a><\/div><div class=\"wp-block-getwid-image-box__content\">\n<div class=\"wp-block-getwid-advanced-heading\" style=\"margin-bottom:20px\"><h4 class=\"wp-block-getwid-advanced-heading__content\">Bestpreisgarantie<\/h4><\/div>\n\n\n\n<p>Exklusive Angebote per Direktbuchung<\/p>\n<\/div><\/div>\n<\/div><\/div><\/div><\/div><\/div>\n<\/div>\n<\/div>\n\n\n\n<div class=\"wp-block-columns has-3-columns\">\n<div class=\"wp-block-column\">\n<div class=\"wp-block-getwid-section is-style-bordered is-style-rounded is-style-fit-parent\"><div class=\"wp-block-getwid-section__wrapper getwid-padding-top-medium getwid-padding-bottom-medium getwid-padding-left-medium getwid-padding-right-medium getwid-align-items-flex-start\"><div class=\"wp-block-getwid-section__inner-wrapper\"><div class=\"wp-block-getwid-section__background-holder\"><div class=\"wp-block-getwid-section__background has-background has-white-background-color\"><\/div><div class=\"wp-block-getwid-section__foreground\"><\/div><\/div><div class=\"wp-block-getwid-section__content\"><div class=\"wp-block-getwid-section__inner-content\">\n<div class=\"wp-block-getwid-image-box getwid-animation has-text-center has-mobile-layout-default has-mobile-alignment-default\" data-animation=\"slideBottom\"><div style=\"margin-bottom:30px\" class=\"wp-block-getwid-image-box__image-container is-position-top\"><a href=\"#\" class=\"wp-block-getwid-image-box__image-wrapper\"><img loading=\"lazy\" width=\"64\" height=\"64\" src=\"https:\/\/seamare.eu\/wp-content\/uploads\/2019\/09\/renting-out1.png\" alt=\"\" class=\"wp-block-getwid-image-box__image wp-image-852\"\/><\/a><\/div><div class=\"wp-block-getwid-image-box__content\">\n<div class=\"wp-block-getwid-advanced-heading\" style=\"margin-bottom:20px\"><h4 class=\"wp-block-getwid-advanced-heading__content\">Sch\u00f6ne Orte<\/h4><\/div>\n\n\n\n<p>Nur einen Schritt von dir entfernt<\/p>\n<\/div><\/div>\n<\/div><\/div><\/div><\/div><\/div>\n<\/div>\n\n\n\n<div class=\"wp-block-column\">\n<div class=\"wp-block-getwid-section is-style-bordered is-style-rounded is-style-fit-parent\"><div class=\"wp-block-getwid-section__wrapper getwid-padding-top-medium getwid-padding-bottom-medium getwid-padding-left-medium getwid-padding-right-medium getwid-align-items-flex-start\"><div class=\"wp-block-getwid-section__inner-wrapper\"><div class=\"wp-block-getwid-section__background-holder\"><div class=\"wp-block-getwid-section__background has-background has-white-background-color\"><\/div><div class=\"wp-block-getwid-section__foreground\"><\/div><\/div><div class=\"wp-block-getwid-section__content\"><div class=\"wp-block-getwid-section__inner-content\">\n<div class=\"wp-block-getwid-image-box getwid-animation has-text-center has-mobile-layout-default has-mobile-alignment-default\" data-animation=\"slideBottom\"><div style=\"margin-bottom:30px\" class=\"wp-block-getwid-image-box__image-container is-position-top\"><a href=\"#\" class=\"wp-block-getwid-image-box__image-wrapper\"><img loading=\"lazy\" width=\"64\" height=\"64\" src=\"https:\/\/seamare.eu\/wp-content\/uploads\/2019\/09\/innovative1.png\" alt=\"\" class=\"wp-block-getwid-image-box__image wp-image-847\"\/><\/a><\/div><div class=\"wp-block-getwid-image-box__content\">\n<div class=\"wp-block-getwid-advanced-heading\" style=\"margin-bottom:20px\"><h4 class=\"wp-block-getwid-advanced-heading__content\">Leidenschaftliches Reisen<\/h4><\/div>\n\n\n\n<p>Wir f\u00fchren Sie durch das magische Land Istrien<\/p>\n<\/div><\/div>\n<\/div><\/div><\/div><\/div><\/div>\n<\/div>\n\n\n\n<div class=\"wp-block-column\">\n<div class=\"wp-block-getwid-section is-style-bordered is-style-rounded is-style-fit-parent\"><div class=\"wp-block-getwid-section__wrapper getwid-padding-top-medium getwid-padding-bottom-medium getwid-padding-left-medium getwid-padding-right-medium getwid-align-items-flex-start\"><div class=\"wp-block-getwid-section__inner-wrapper\"><div class=\"wp-block-getwid-section__background-holder\"><div class=\"wp-block-getwid-section__background has-background has-white-background-color\"><\/div><div class=\"wp-block-getwid-section__foreground\"><\/div><\/div><div class=\"wp-block-getwid-section__content\"><div class=\"wp-block-getwid-section__inner-content\">\n<div class=\"wp-block-getwid-image-box getwid-animation has-text-center has-mobile-layout-default has-mobile-alignment-default\" data-animation=\"slideBottom\"><div style=\"margin-bottom:30px\" class=\"wp-block-getwid-image-box__image-container is-position-top\"><a href=\"#\" class=\"wp-block-getwid-image-box__image-wrapper\"><img loading=\"lazy\" width=\"64\" height=\"64\" src=\"https:\/\/seamare.eu\/wp-content\/uploads\/2019\/09\/booking-online1.png\" alt=\"\" class=\"wp-block-getwid-image-box__image wp-image-851\"\/><\/a><\/div><div class=\"wp-block-getwid-image-box__content\">\n<div class=\"wp-block-getwid-advanced-heading\" style=\"margin-bottom:20px\"><h4 class=\"wp-block-getwid-advanced-heading__content\">Schnelle Buchung<\/h4><\/div>\n\n\n\n<p>Drei Klicks und Sie sind hier!<\/p>\n<\/div><\/div>\n<\/div><\/div><\/div><\/div><\/div>\n<\/div>\n<\/div>\n\n\n\n<div style=\"height:56px\" aria-hidden=\"true\" class=\"wp-block-spacer\"><\/div>\n","protected":false},"excerpt":{"rendered":"<p>Seamare bietet einen erholsamen Familienurlaub in unseren Villen in Istrien. Von Pula, Vodnjan, Savincenat bieten wir renovierte und angenehm eingerichtete Villen mit Pool an. Unser Buchungsmanager verwaltet diese Objekte und unser Gastgeber wird Sie vor Ort begr\u00fc\u00dfen. Wir sprechen Englisch und freuen uns, Sie in unseren komfortablen Villen begr\u00fc\u00dfen zu d\u00fcrfen.<\/p>\n","protected":false},"author":1,"featured_media":0,"parent":0,"menu_order":0,"comment_status":"closed","ping_status":"closed","template":"template-wide-page.php","meta":[],"_links":{"self":[{"href":"https:\/\/seamare.eu\/de\/wp-json\/wp\/v2\/pages\/2364"}],"collection":[{"href":"https:\/\/seamare.eu\/de\/wp-json\/wp\/v2\/pages"}],"about":[{"href":"https:\/\/seamare.eu\/de\/wp-json\/wp\/v2\/types\/page"}],"author":[{"embeddable":true,"href":"https:\/\/seamare.eu\/de\/wp-json\/wp\/v2\/users\/1"}],"replies":[{"embeddable":true,"href":"https:\/\/seamare.eu\/de\/wp-json\/wp\/v2\/comments?post=2364"}],"version-history":[{"count":2,"href":"https:\/\/seamare.eu\/de\/wp-json\/wp\/v2\/pages\/2364\/revisions"}],"predecessor-version":[{"id":2400,"href":"https:\/\/seamare.eu\/de\/wp-json\/wp\/v2\/pages\/2364\/revisions\/2400"}],"wp:attachment":[{"href":"https:\/\/seamare.eu\/de\/wp-json\/wp\/v2\/media?parent=2364"}],"curies":[{"name":"wp","href":"https:\/\/api.w.org\/{rel}","templated":true}]}}