{"id":2379,"date":"2021-12-15T10:19:26","date_gmt":"2021-12-15T10:19:26","guid":{"rendered":"https:\/\/seamare.eu\/kontakt\/"},"modified":"2021-12-15T11:40:33","modified_gmt":"2021-12-15T11:40:33","slug":"kontakt","status":"publish","type":"page","link":"https:\/\/seamare.eu\/de\/kontakt\/","title":{"rendered":"Kontakt"},"content":{"rendered":"\n<div class=\"wp-block-columns has-2-columns\">\n<div class=\"wp-block-column\">\n<div class=\"wp-block-getwid-advanced-heading\" style=\"margin-bottom:30px\"><h2 class=\"wp-block-getwid-advanced-heading__content\">Wie k\u00f6nnen wir Ihnen heute helfen?<\/h2><\/div>\n\n\n\n<p>Z\u00f6gern Sie nicht, uns direkt zu kontaktieren, wenn Sie eine Unterkunftsanfrage haben, wir w\u00fcrden uns freuen, wenn Sie bei uns \u00fcbernachten.<\/p>\n\n\n\n<p>Geben Sie einfach Ihre pers\u00f6nlichen Daten ein und lassen Sie uns mit Ihnen in Kontakt treten. Normalerweise antwortet das Support-Team innerhalb eines Werktages, sodass Sie nicht warten m\u00fcssen. Oder rufen Sie uns direkt vom Telefon aus an.   <\/p>\n\n\n\n<div style=\"height:20px\" aria-hidden=\"true\" class=\"wp-block-spacer\"><\/div>\n\n\n\n<div class=\"wp-block-getwid-advanced-heading has-custom-font-size\" style=\"font-size:14px;margin-bottom:0px\"><span class=\"wp-block-getwid-advanced-heading__content\">Adresse<\/span><\/div>\n\n\n\n<div class=\"wp-block-getwid-advanced-heading has-custom-font-size\" style=\"font-size:normal\"><span class=\"wp-block-getwid-advanced-heading__content has-text-color has-arsenic-color\" style=\"font-weight:500\">Pula, Vodnjan, Svetvincenat<\/span><\/div>\n\n\n\n<div class=\"wp-block-getwid-advanced-heading has-custom-font-size\" style=\"font-size:14px;margin-bottom:0px\"><span class=\"wp-block-getwid-advanced-heading__content\">Telefon <\/span><\/div>\n\n\n\n<div class=\"wp-block-getwid-advanced-heading has-custom-font-size\" style=\"font-size:normal\"><span class=\"wp-block-getwid-advanced-heading__content has-text-color has-arsenic-color\" style=\"font-weight:500\"><a href=\"tel:19544566789\">  +385 99 739 0577<\/a><\/span><\/div>\n\n\n\n<div class=\"wp-block-getwid-advanced-heading has-custom-font-size\" style=\"font-size:14px;margin-bottom:0px\"><span class=\"wp-block-getwid-advanced-heading__content\">Email<\/span><\/div>\n\n\n\n<div class=\"wp-block-getwid-advanced-heading has-custom-font-size\" style=\"font-size:normal\"><span class=\"wp-block-getwid-advanced-heading__content has-text-color has-arsenic-color\" style=\"font-weight:500\"><a href=\"mailto:semarecroatia@gmail.com\"><\/a><a href=\"mailto:semarecroatia@gmail.com\">semarecroatia@gmail.com<\/a><\/span><\/div>\n\n\n\n<p><\/p>\n<\/div>\n\n\n\n<div class=\"wp-block-column\">\n<div class=\"wp-block-getwid-section\"><div class=\"wp-block-getwid-section__wrapper getwid-padding-top-medium getwid-padding-bottom-medium getwid-padding-left-medium getwid-padding-right-medium\"><div class=\"wp-block-getwid-section__inner-wrapper\"><div class=\"wp-block-getwid-section__background-holder\"><div class=\"wp-block-getwid-section__background has-background has-white-background-color\"><\/div><div class=\"wp-block-getwid-section__foreground\"><\/div><\/div><div class=\"wp-block-getwid-section__content\"><div class=\"wp-block-getwid-section__inner-content\">        <div class='wp-block-getwid-contact-form'>\n            <form class='wp-block-getwid-contact-form__form'>\n    \n        <p class='wp-block-getwid-field-name'>\n\t    <label\n        for='name-69e3528166cd7'\n        class='wp-block-getwid-field-name__label'\n    >Dein Name *<\/label>\n\t    <input id='name-69e3528166cd7' type='text' name='name'            placeholder='Gib deinen Namen ein'             required=''\n            \/>\n<\/p>\n\n\n        <p class='wp-block-getwid-field-email'>\n\t    <label\n\t\tfor='email-69e3528166dd9'\n        class='wp-block-getwid-field-email__label'\n    >Deine E-Mail *<\/label>\n\t    <input id='email-69e3528166dd9' type='email' name='email'             placeholder='Geben sie ihre E-Mail Adresse ein'             required=''    \/>\n<\/p>\n\n\n        <p class='wp-block-getwid-field-textarea'>\n\t    <label\n\t\tfor='message-69e3528166e99'\n        class='wp-block-getwid-field-textarea__label'\n    >Nachricht<\/label>\n\t    <textarea\n\t\tid='message-69e3528166e99' rows='5' name='message'            placeholder='Kommentar'            required=''\n            ><\/textarea>\n<\/p>\n\n\n    <input name='subject' \t\ttype='hidden'\n\t\/>\n\n\t<p class='wp-block-getwid-contact-form__result'><\/p>\n\n\t<div class='wp-block-getwid-contact-form__submit'>\n\t\t<div class='wp-block-button'>\n\t\t\t<button\n\t\t\t\ttype='submit'\n\t\t\t\tclass='wp-block-button__link '\t\t\t\t\tstyle=''\t\t\t>Nachricht senden<\/button>\n\t\t<\/div>\n\n\t<\/div>\n<\/form>\n        <\/div><\/div><\/div><\/div><\/div><\/div>\n<\/div>\n<\/div>\n\n\n\n<p><\/p>\n","protected":false},"excerpt":{"rendered":"<p>Z\u00f6gern Sie nicht, uns direkt zu kontaktieren, wenn Sie eine Unterkunftsanfrage haben, wir w\u00fcrden uns freuen, wenn Sie bei uns \u00fcbernachten. Geben Sie einfach Ihre pers\u00f6nlichen Daten ein und lassen Sie uns mit Ihnen in Kontakt treten. Normalerweise antwortet das Support-Team innerhalb eines Werktages, sodass Sie nicht warten m\u00fcssen. Oder rufen Sie uns direkt vom [&hellip;]<\/p>\n","protected":false},"author":1,"featured_media":0,"parent":0,"menu_order":0,"comment_status":"closed","ping_status":"closed","template":"template-wide-page.php","meta":[],"_links":{"self":[{"href":"https:\/\/seamare.eu\/de\/wp-json\/wp\/v2\/pages\/2379"}],"collection":[{"href":"https:\/\/seamare.eu\/de\/wp-json\/wp\/v2\/pages"}],"about":[{"href":"https:\/\/seamare.eu\/de\/wp-json\/wp\/v2\/types\/page"}],"author":[{"embeddable":true,"href":"https:\/\/seamare.eu\/de\/wp-json\/wp\/v2\/users\/1"}],"replies":[{"embeddable":true,"href":"https:\/\/seamare.eu\/de\/wp-json\/wp\/v2\/comments?post=2379"}],"version-history":[{"count":2,"href":"https:\/\/seamare.eu\/de\/wp-json\/wp\/v2\/pages\/2379\/revisions"}],"predecessor-version":[{"id":2402,"href":"https:\/\/seamare.eu\/de\/wp-json\/wp\/v2\/pages\/2379\/revisions\/2402"}],"wp:attachment":[{"href":"https:\/\/seamare.eu\/de\/wp-json\/wp\/v2\/media?parent=2379"}],"curies":[{"name":"wp","href":"https:\/\/api.w.org\/{rel}","templated":true}]}}