{"id":2383,"date":"2021-12-15T10:28:09","date_gmt":"2021-12-15T10:28:09","guid":{"rendered":"https:\/\/seamare.eu\/hausregeln\/"},"modified":"2021-12-15T10:28:09","modified_gmt":"2021-12-15T10:28:09","slug":"hausregeln","status":"publish","type":"page","link":"https:\/\/seamare.eu\/de\/hausregeln\/","title":{"rendered":"Hausregeln"},"content":{"rendered":"\n<p>Seamare als Immobilieneigent\u00fcmer hei\u00dft Sie herzlich willkommen und w\u00fcnscht Ihnen einen sch\u00f6nen Urlaub in unserer Villa. Wir hoffen, dass Sie es w\u00e4hrend Ihres Aufenthalts so pflegen, als w\u00e4re es Ihr eigenes Zuhause. <\/p>\n\n<p><strong>W\u00e4hrend Ihres Aufenthalts wird von Ihnen erwartet:<\/strong><\/p>\n\n<p>ALLGEMEINES<br\/>Check-in nach 16 Uhr am Anreisetag. \u00dcberschreiten Sie nicht die Anzahl der registrierten Personen. Nehmen Sie R\u00fccksicht auf Ihre Nachbarn und vermeiden Sie Lautst\u00e4rke und L\u00e4rm, insbesondere zwischen 22 und 8 Uhr. Dies sind Villen haupts\u00e4chlich f\u00fcr Familien und nicht f\u00fcr Partys. Die Umgebung ist ruhig und friedlich und das m\u00f6chten wir auch bleiben.<\/p>\n\n<p>SCHADEN UND VERSICHERUNG<br\/>Sie sind pers\u00f6nlich verantwortlich f\u00fcr alles, was Sie besch\u00e4digen. Kontaktieren Sie uns so schnell wie m\u00f6glich, um dies zu erkl\u00e4ren. Sie sind auch f\u00fcr Ihre pers\u00f6nlichen Gegenst\u00e4nde verantwortlich.<br\/>Wir empfehlen den Abschluss einer Reiseversicherung in Ihrem Land.<br\/>Bei Personensch\u00e4den sollten Sie sich immer an Ihre eigene Versicherung wenden. Der Hausbesitzer oder die Agentur k\u00f6nnen nicht haftbar gemacht werden, stehen jedoch zur Verf\u00fcgung, wenn Sie Hilfe ben\u00f6tigen.<\/p>\n\n<p>SCHWIMMBAD<br\/>Benutzen Sie das Schwimmbad auf eigene Verantwortung. Halten Sie die Kinder unter st\u00e4ndiger Aufsicht. Duschen Sie vor der Benutzung des Schwimmbades. Gehen Sie nicht nass ins Haus und verwenden Sie keine M\u00f6bel f\u00fcr den Innenbereich. Haustiere d\u00fcrfen das Schwimmbad nicht betreten. Es gibt einen Reinigungsplan f\u00fcr den Pool, normalerweise ein- oder zweimal pro Woche.     <\/p>\n\n<p>KINDER<br\/>Kinder sollten unter st\u00e4ndiger Aufsicht von Erwachsenen sein, insbesondere bei riskanten Aktivit\u00e4ten wie der Benutzung des Swimmingpools.<\/p>\n\n<p>HAUSTIERE<br\/>Haustiere d\u00fcrfen nur nach vorheriger Genehmigung im Haus sein. Sie d\u00fcrfen keine M\u00f6bel benutzen, das Schwimmbad benutzen oder drinnen nass werden. Haustiere d\u00fcrfen das Villengrundst\u00fcck nicht frei verlassen und d\u00fcrfen keine Nachbarn oder andere Tiere in der N\u00e4he st\u00f6ren. Bei Ihrer Abreise reinigen Sie sie bitte gr\u00fcndlich, insbesondere wenn der Hund leicht seine Haare verliert.   <\/p>\n\n<p>PFLANZEN UND TIERE<br\/>Besch\u00e4digen Sie keine Pflanzen oder Gras. Es gibt einen G\u00e4rtner, der sich normalerweise einmal pro Woche um sie k\u00fcmmert. St\u00f6ren Sie keine Tiere, insbesondere Schwalben (V\u00f6gel), die ihre Nester am Haus befestigt haben.  <\/p>\n\n<p>WAGEN<br\/>Fahrzeuge m\u00fcssen auf dem Parkplatz der Villa oder in der Garage abgestellt werden, nicht auf der Grasfl\u00e4che.<\/p>\n\n<p>KLIMAANLAGE UND HEIZUNG<br\/>Verwenden Sie es nur bei geschlossenen T\u00fcren und Fenstern. Schalten Sie es aus, wenn Sie das Haus verlassen. Schalten Sie auch Gas, Wasser und elektrische Ger\u00e4te aus.  <\/p>\n\n<p>GRILL UND KAMIN<br\/>Halten Sie das Feuer unter st\u00e4ndiger Kontrolle, alles drumherum ist im Sommer sehr trocken und leicht entz\u00fcndlich. Verwenden Sie eine kleine Menge Wasser, um das Feuer im Au\u00dfengrill sicher zu l\u00f6schen. <\/p>\n\n<p>TV, INTERNET, AUSR\u00dcSTUNG<br\/>Machen Sie sich mit der Verwendung von Elektroger\u00e4ten vertraut, mit denen Sie nicht vertraut sind, und \u00e4ndern Sie keine bestehenden Einstellungen. Wi-Fi Internetanschluss ist im Bereich des Hauses verf\u00fcgbar. <\/p>\n\n<p>DRAUSSEN<br\/>Bitte beachten Sie den Wind und schlie\u00dfen Sie die Sonnenschirme und Markisen, wenn er st\u00e4rker wird. Verwenden Sie keine Innenm\u00f6bel im Freien. <\/p>\n\n<p>REINIGUNG<br\/>Bitte halten Sie die Einrichtungen sauber, insbesondere die K\u00fcche und die Toiletten. Bettw\u00e4sche und Handt\u00fccher werden alle 7 Tage gewechselt. Legen Sie den gesamten M\u00fcll in einen daf\u00fcr vorgesehenen Beh\u00e4lter und halten Sie den Boden frei von Abfall. Bringen Sie den gesamten M\u00fcll zum Stra\u00dfenm\u00fcll, der jeden Donnerstag geleert wird. Bitte reinigen Sie bei Ihrer Abreise regelm\u00e4\u00dfig den Backofen und das gesamte Geschirr, da die erweiterte Hausreinigung nicht in der regul\u00e4ren Reinigungsgeb\u00fchr enthalten ist. Wenn Sie Ihr Haustier bei sich hatten, reinigen Sie es bitte gr\u00fcndlich, insbesondere wenn der Hund leicht seine Haare verliert.     <\/p>\n\n<p>BEI IHREM ABgang<br\/>Hinterlassen Sie die Immobilie in dem Zustand, in dem Sie sie selbst finden m\u00f6chten. Lassen Sie den Raum f\u00fcr die n\u00e4chsten G\u00e4ste aufger\u00e4umt. Verwenden Sie das Mobiliar nur bestimmungsgem\u00e4\u00df und stellen Sie es am Ende Ihres Aufenthalts wieder in die urspr\u00fcngliche Position. Am Abreisetag bitte die Villa bis 10 Uhr r\u00e4umen.   <\/p>\n\n<p><strong>F\u00fcr jegliche Unterst\u00fctzung w\u00e4hrend Ihres Aufenthalts \u2013 kontaktieren Sie uns bitte: +385 99 739 0577<\/strong><\/p>\n","protected":false},"excerpt":{"rendered":"<p>Seamare als Immobilieneigent\u00fcmer hei\u00dft Sie herzlich willkommen und w\u00fcnscht Ihnen einen sch\u00f6nen Urlaub in unserer Villa. Wir hoffen, dass Sie es w\u00e4hrend Ihres Aufenthalts so pflegen, als w\u00e4re es Ihr eigenes Zuhause. W\u00e4hrend Ihres Aufenthalts wird von Ihnen erwartet: ALLGEMEINESCheck-in nach 16 Uhr am Anreisetag. \u00dcberschreiten Sie nicht die Anzahl der registrierten Personen. Nehmen Sie [&hellip;]<\/p>\n","protected":false},"author":1,"featured_media":0,"parent":0,"menu_order":0,"comment_status":"closed","ping_status":"closed","template":"","meta":[],"_links":{"self":[{"href":"https:\/\/seamare.eu\/de\/wp-json\/wp\/v2\/pages\/2383"}],"collection":[{"href":"https:\/\/seamare.eu\/de\/wp-json\/wp\/v2\/pages"}],"about":[{"href":"https:\/\/seamare.eu\/de\/wp-json\/wp\/v2\/types\/page"}],"author":[{"embeddable":true,"href":"https:\/\/seamare.eu\/de\/wp-json\/wp\/v2\/users\/1"}],"replies":[{"embeddable":true,"href":"https:\/\/seamare.eu\/de\/wp-json\/wp\/v2\/comments?post=2383"}],"version-history":[{"count":1,"href":"https:\/\/seamare.eu\/de\/wp-json\/wp\/v2\/pages\/2383\/revisions"}],"predecessor-version":[{"id":2384,"href":"https:\/\/seamare.eu\/de\/wp-json\/wp\/v2\/pages\/2383\/revisions\/2384"}],"wp:attachment":[{"href":"https:\/\/seamare.eu\/de\/wp-json\/wp\/v2\/media?parent=2383"}],"curies":[{"name":"wp","href":"https:\/\/api.w.org\/{rel}","templated":true}]}}