{"id":2385,"date":"2021-12-15T10:46:02","date_gmt":"2021-12-15T10:46:02","guid":{"rendered":"https:\/\/seamare.eu\/datenschutz-bestimmungen\/"},"modified":"2021-12-15T10:46:03","modified_gmt":"2021-12-15T10:46:03","slug":"datenschutz-bestimmungen","status":"publish","type":"page","link":"https:\/\/seamare.eu\/de\/datenschutz-bestimmungen\/","title":{"rendered":"Datenschutz-Bestimmungen"},"content":{"rendered":"\n<p>Seamare verpflichtet sich, Ihre Privatsph\u00e4re zu sch\u00fctzen. Diese Datenschutzrichtlinie erl\u00e4utert unsere Datenschutzpraktiken und enth\u00e4lt Informationen dar\u00fcber, wie und warum wir Ihre Daten durch unsere Interaktion mit Ihnen \u00fcber unsere Produkte und Dienstleistungen und wenn Sie unsere internationale Website <a href=\"https:\/\/seamare.eu\">www.seamare.eu<\/a> besuchen, sammeln, verwenden und weitergeben <\/p>\n\n<p><a rel=\"noreferrer noopener\" href=\"https:\/\/cwg.hr\/\" target=\"_blank\">CWG<\/a> als Eigent\u00fcmer der Seamare ist verpflichtet, die personenbezogenen Daten der Kunden zu sch\u00fctzen. Wir erheben nur grundlegende Kunden-\/Benutzerinformationen, die zur Erf\u00fcllung unserer Verpflichtungen erforderlich sind. Wir informieren Kunden \u00fcber den Umgang mit ihren Daten und entscheiden, ob ihr Name in den Listen f\u00fcr Marketingaktionen aufgef\u00fchrt wird. Alle pers\u00f6nlichen Daten der Benutzer werden streng aufbewahrt und stehen nur Mitarbeitern zur Verf\u00fcgung, die f\u00fcr diese Arbeit erforderlich sind. Alle Mitarbeiter und Gesch\u00e4ftspartner sind f\u00fcr die Einhaltung der Datenschutzgrunds\u00e4tze verantwortlich.    <\/p>\n\n<h4>Erhebung und Verwendung von Informationen<\/h4>\n\n<p>Seamare sch\u00e4tzt und sch\u00fctzt Ihre Privatsph\u00e4re. Bei der Realisierung des angeforderten Dienstes und zur Bereitstellung von Informationen und Informationen zu unseren Diensten verwenden wir nur die Informationen, denen Sie zugestimmt haben. Wir stimmen zu, dass Ihre personenbezogenen Daten nicht auf eine Weise verkauft, offengelegt oder an Dritte weitergegeben werden, die nicht in diesem Programm angegeben ist.  <\/p>\n\n<h4>Anmeldung<\/h4>\n\n<p>Um eine Anfrage auf unserer Website zu stellen, muss der Benutzer das Kontaktformular ausf\u00fcllen. Mit dem Ausf\u00fcllen des Formulars werden vom Benutzer Kontaktinformationen (wie Name und E-Mail-Adresse) abgefragt. Diese Informationen werden verwendet, um den Benutzer bei der Beantwortung der auf unserer Website gestellten Fragen zu kontaktieren.  <\/p>\n\n<h4>Protokolldateien<\/h4>\n\n<p>Wir verwenden IP-Adressen, um Trends zu analysieren, Benutzerbewegungen zu verfolgen, Webseiten zu pflegen und umfassendere demografische Daten zu sammeln. Die IP-Adressen werden nicht mit personenbezogenen Daten zusammengef\u00fchrt, mit denen eine individuelle Identifizierung m\u00f6glich ist. <\/p>\n\n<h4>Verf\u00fcgbarkeit von Informationen<\/h4>\n\n<p>Die gesammelten demografischen Daten stehen unseren Medienpartnern, Fachleuten und Werbetreibenden zur Verf\u00fcgung. Demografische Daten werden nicht mit personenbezogenen Daten zusammengef\u00fchrt, mit denen eine individuelle Identifizierung m\u00f6glich ist. Bei der Erbringung bestimmter Dienstleistungen arbeiten wir mit einem Dritten zusammen. Der Dritte kann nur dann auf den Namen oder andere Kontaktinformationen zugreifen, wenn der Benutzer diese Dienste anfordert. Es ist dem Dritten nicht gestattet, personenbezogene Daten au\u00dfer zur Erbringung der oben genannten Dienstleistungen zu verwenden.    <\/p>\n\n<h4>Links<\/h4>\n\n<p>Unsere Website kann Links zu anderen Websites enthalten. Seamare kann nicht daf\u00fcr verantwortlich gemacht werden, die Privatsph\u00e4re auf anderen Websites zu respektieren. Wir empfehlen den Benutzern, die Datenschutzerkl\u00e4rungen jeder Website zu lesen, die ihre pers\u00f6nlichen Daten sammelt und verwendet. Diese Datenschutzerkl\u00e4rung gilt nur f\u00fcr Informationen, die auf dieser Website gesammelt werden.   <\/p>\n\n<h4>Sicherheit<\/h4>\n\n<p>Wir unternehmen alle notwendigen Schritte, um unsere Benutzerdaten auf unserer Website zu sch\u00fctzen. Vertrauliche Daten werden sowohl online als auch offline gesch\u00fctzt. Wenn unsere Formulare vertrauliche Informationen erfordern, werden diese Daten verschl\u00fcsselt und durch das Sicherheitsprotokoll (SSL) gesch\u00fctzt. Internetbrowser (Browser) wie Internet Explorer, Google Chrome oder Firefox-Sperrsymbol zeigen die Sicherheit der Site an. Wenn das Schloss im Symbol geschlossen ist, befinden Sie sich auf einer gesch\u00fctzten Seite. Wir verwenden SSL-Verschl\u00fcsselung zum Schutz unserer Online-Daten und tun alles in unserer Macht Stehende, um unsere Daten und offline zu sch\u00fctzen. Der Zugriff auf alle Daten unserer Nutzer ist eingeschr\u00e4nkt. Zugang zu vertraulichen Informationen haben nur Mitarbeiter, deren Daten zur Erbringung bestimmter Dienstleistungen erforderlich sind. Bei weiteren Sicherheitsfragen zu unserer Website k\u00f6nnen Sie eine E-Mail an         <a href=\"mailto:seamarecroatia@gmail.com\"><\/a><a href=\"mailto:seamarecroatia@gmail.com\">seamarecroatia@gmail.com<\/a> <\/p>\n\n<h4>Korrigieren \/ Aktualisieren von Personal Dana<\/h4>\n\n<p>Der Beklagte hat folgende Rechte:<\/p>\n\n<ul><li>das Recht auf Berichtigung<\/li><li>das Recht zu l\u00f6schen\/vergessen<\/li><li>das Recht auf Einschr\u00e4nkung der Verarbeitung<\/li><li>das Recht auf Daten\u00fcbertragung<\/li><li>Zugangsrecht<\/li><li>das Recht, sich zu beschweren<\/li><\/ul>\n\n<p>F\u00fcr alle Anfragen wenden Sie sich bitte an den Datenschutzbeauftragten, dessen Kontakt Sie unten finden.<br\/>email: <a href=\"mailto:seamarecroatia@gmail.com\">seamarecroatia@gmail.com<\/a><\/p>\n\n<h4>Benachrichtigungen \u00fcber \u00c4nderungen<\/h4>\n\n<p>Wenn wir beschlie\u00dfen, unsere Datenschutzrichtlinie zu \u00e4ndern, werden wir die Mitteilung auf der Startseite dieser Website ver\u00f6ffentlichen. Die Benutzer werden immer mit den von uns gesammelten Daten vertraut sein, wie wir die gesammelten Daten verwenden und unter welchen Bedingungen wir personenbezogene Daten weitergeben k\u00f6nnen. Wenn wir uns zu irgendeinem Zeitpunkt daf\u00fcr entscheiden, die personenbezogenen Daten des Benutzers auf eine andere Weise zu verwenden, als sie zum Zeitpunkt des Erhalts angegeben war, senden wir den Benutzern eine E-Mail. Benutzer k\u00f6nnen die Verwendung von Daten auf neue Weise genehmigen oder ablehnen. Die Daten werden gem\u00e4\u00df den zum Zeitpunkt der Datenerhebung des Nutzers g\u00fcltigen Datenschutzbestimmungen verwendet.    <\/p>\n\n<h4>Regeln zum Umgang mit Cookies<\/h4>\n\n<p>Cookie sind die Informationen, die eine Website auf einem Computer oder Mobilger\u00e4t eines Besuchers speichert. Das Cookie erm\u00f6glicht es der Website, sich an die Aktionen der Besucher aus ihren Besuchen zu erinnern. Die meisten Browser erlauben die Verwendung von Cookies, der Benutzer kann jedoch jederzeit Cookies l\u00f6schen oder Cookies auf dem Cookie setzen. Die h\u00e4ufigsten Gr\u00fcnde f\u00fcr die Verwendung von Cookies sind die Identifizierung des Benutzers, das Speichern von Benutzereinstellungen, der Beitrag zur Eingabe oder \u00dcberpr\u00fcfung von Inhalten, die bereits bei fr\u00fcheren Besuchen erfolgt sind, das Sammeln von Analysedaten und Werbekampagnen. Bei der Verwendung von Cookies werden automatisch Daten von Ihrem Computer erfasst, wenn Sie auf unsere Seite gelangen. Diese Daten k\u00f6nnen IP-Adresse, Datum und Uhrzeit des Zugriffs, Informationen zum Computertyp, Betriebssystem, den von Ihnen verwendeten Browser, Programmversionen und die Spracheinstellungen Ihres Computers umfassen. Wenn Sie auf die Website selbst zugreifen, sehen Sie die Cookie-Nutzungsinformationen, die diese Informationen sammeln, und durch Klicken auf das Feld &#8222;Ich stimme zu&#8220; erhalten Sie uns das Recht, diese Informationen zu sammeln. Sofern Ihnen die Seiten keinen Datenschutz geben, werden diese Informationen nicht erhoben, gespeichert und verarbeitet. Cookies werden auf Ihrem Computer gespeichert und sofort gel\u00f6scht, nachdem Sie Ihren Browser schlie\u00dfen und einer Seite die Erfassung tempor\u00e4rer Daten wie beispielsweise eines Warenkorbs erm\u00f6glichen. In den Browsereinstellungen k\u00f6nnen Sie bestimmen, ob Sie die Cookies akzeptieren oder ablehnen m\u00f6chten. Die Position der Bearbeitungsoptionen h\u00e4ngt vom Browsertyp ab und kann bei der Suche nach Hilfe oder Dateihilfe gefunden werden. Wenn Sie sich entscheiden, keine Cookies von der Website <a href=\"https:\/\/seamare.eu\">www.seamare.eu<\/a> zu akzeptieren, besteht die M\u00f6glichkeit, dass Sie bestimmte Funktionen der Website nicht nutzen k\u00f6nnen.           <\/p>\n","protected":false},"excerpt":{"rendered":"<p>Seamare verpflichtet sich, Ihre Privatsph\u00e4re zu sch\u00fctzen. Diese Datenschutzrichtlinie erl\u00e4utert unsere Datenschutzpraktiken und enth\u00e4lt Informationen dar\u00fcber, wie und warum wir Ihre Daten durch unsere Interaktion mit Ihnen \u00fcber unsere Produkte und Dienstleistungen und wenn Sie unsere internationale Website www.seamare.eu besuchen, sammeln, verwenden und weitergeben CWG als Eigent\u00fcmer der Seamare ist verpflichtet, die personenbezogenen Daten der [&hellip;]<\/p>\n","protected":false},"author":1,"featured_media":0,"parent":0,"menu_order":0,"comment_status":"closed","ping_status":"open","template":"","meta":[],"_links":{"self":[{"href":"https:\/\/seamare.eu\/de\/wp-json\/wp\/v2\/pages\/2385"}],"collection":[{"href":"https:\/\/seamare.eu\/de\/wp-json\/wp\/v2\/pages"}],"about":[{"href":"https:\/\/seamare.eu\/de\/wp-json\/wp\/v2\/types\/page"}],"author":[{"embeddable":true,"href":"https:\/\/seamare.eu\/de\/wp-json\/wp\/v2\/users\/1"}],"replies":[{"embeddable":true,"href":"https:\/\/seamare.eu\/de\/wp-json\/wp\/v2\/comments?post=2385"}],"version-history":[{"count":1,"href":"https:\/\/seamare.eu\/de\/wp-json\/wp\/v2\/pages\/2385\/revisions"}],"predecessor-version":[{"id":2386,"href":"https:\/\/seamare.eu\/de\/wp-json\/wp\/v2\/pages\/2385\/revisions\/2386"}],"wp:attachment":[{"href":"https:\/\/seamare.eu\/de\/wp-json\/wp\/v2\/media?parent=2385"}],"curies":[{"name":"wp","href":"https:\/\/api.w.org\/{rel}","templated":true}]}}