{"id":2265,"date":"2021-12-10T10:26:57","date_gmt":"2021-12-10T10:26:57","guid":{"rendered":"https:\/\/seamare.eu\/vodic-kroz-istru\/"},"modified":"2021-12-10T10:26:58","modified_gmt":"2021-12-10T10:26:58","slug":"vodic-kroz-istru","status":"publish","type":"page","link":"https:\/\/seamare.eu\/hr\/vodic-kroz-istru\/","title":{"rendered":"Vodi\u010d kroz Istru"},"content":{"rendered":"\n<div class=\"wp-block-columns has-3-columns\">\n<div class=\"wp-block-column\">\n<div class=\"wp-block-getwid-section is-style-bordered is-style-rounded is-style-fit-parent\"><div class=\"wp-block-getwid-section__wrapper getwid-padding-top-medium getwid-padding-bottom-medium getwid-padding-left-medium getwid-padding-right-medium getwid-align-items-flex-start\"><div class=\"wp-block-getwid-section__inner-wrapper\"><div class=\"wp-block-getwid-section__background-holder\"><div class=\"wp-block-getwid-section__background has-background has-white-background-color\"><\/div><div class=\"wp-block-getwid-section__foreground\"><\/div><\/div><div class=\"wp-block-getwid-section__content\"><div class=\"wp-block-getwid-section__inner-content\">\n<div class=\"wp-block-getwid-image-box getwid-animation has-text-center has-mobile-layout-default has-mobile-alignment-default\" data-animation=\"slideBottom\"><div style=\"margin-bottom:30px\" class=\"wp-block-getwid-image-box__image-container is-position-top\"><a href=\"#\" class=\"wp-block-getwid-image-box__image-wrapper\"><img loading=\"lazy\" width=\"768\" height=\"768\" src=\"https:\/\/seamare.eu\/wp-content\/uploads\/2021\/12\/istria-wine.jpg\" alt=\"\" class=\"wp-block-getwid-image-box__image wp-image-1501\" srcset=\"https:\/\/seamare.eu\/wp-content\/uploads\/2021\/12\/istria-wine.jpg 768w, https:\/\/seamare.eu\/wp-content\/uploads\/2021\/12\/istria-wine-300x300.jpg 300w, https:\/\/seamare.eu\/wp-content\/uploads\/2021\/12\/istria-wine-150x150.jpg 150w\" sizes=\"(max-width: 768px) 100vw, 768px\" \/><\/a><\/div><div class=\"wp-block-getwid-image-box__content\">\n<div class=\"wp-block-getwid-advanced-heading\" style=\"margin-bottom:20px\"><h4 class=\"wp-block-getwid-advanced-heading__content\"><a rel=\"noreferrer noopener\" href=\"https:\/\/www.istra.hr\/en\/gourmet\" target=\"_blank\">Gastronomija u Istri<\/a><\/h4><\/div>\n\n\n\n<p>Istarska kuhinja o\u010darat \u0107e vas svojom raznoliko\u0161\u0107u i ravnote\u017eom. Ponekad \u0107ete iskusiti mediteransku stranu istarske kuhinje; a ponekad,\u2026 <\/p>\n<\/div><\/div>\n<\/div><\/div><\/div><\/div><\/div>\n<\/div>\n\n\n\n<div class=\"wp-block-column\">\n<div class=\"wp-block-getwid-section is-style-bordered is-style-rounded is-style-fit-parent\"><div class=\"wp-block-getwid-section__wrapper getwid-padding-top-medium getwid-padding-bottom-medium getwid-padding-left-medium getwid-padding-right-medium getwid-align-items-flex-start\"><div class=\"wp-block-getwid-section__inner-wrapper\"><div class=\"wp-block-getwid-section__background-holder\"><div class=\"wp-block-getwid-section__background has-background has-white-background-color\"><\/div><div class=\"wp-block-getwid-section__foreground\"><\/div><\/div><div class=\"wp-block-getwid-section__content\"><div class=\"wp-block-getwid-section__inner-content\">\n<div class=\"wp-block-getwid-image-box getwid-animation has-text-center has-mobile-layout-default has-mobile-alignment-default\" data-animation=\"slideBottom\"><div style=\"margin-bottom:30px\" class=\"wp-block-getwid-image-box__image-container is-position-top\"><a href=\"#\" class=\"wp-block-getwid-image-box__image-wrapper\"><img loading=\"lazy\" width=\"768\" height=\"768\" src=\"https:\/\/seamare.eu\/wp-content\/uploads\/2021\/12\/istria-pula.jpg\" alt=\"\" class=\"wp-block-getwid-image-box__image wp-image-1499\" srcset=\"https:\/\/seamare.eu\/wp-content\/uploads\/2021\/12\/istria-pula.jpg 768w, https:\/\/seamare.eu\/wp-content\/uploads\/2021\/12\/istria-pula-300x300.jpg 300w, https:\/\/seamare.eu\/wp-content\/uploads\/2021\/12\/istria-pula-150x150.jpg 150w\" sizes=\"(max-width: 768px) 100vw, 768px\" \/><\/a><\/div><div class=\"wp-block-getwid-image-box__content\">\n<div class=\"wp-block-getwid-advanced-heading\" style=\"margin-bottom:20px\"><h4 class=\"wp-block-getwid-advanced-heading__content\"><a rel=\"noreferrer noopener\" href=\"https:\/\/www.istra.hr\/en\/experience\/culture\" target=\"_blank\">Umjetnost i kultura<\/a><\/h4><\/div>\n\n\n\n<p>\u0160etaju\u0107i \u010darobnim stazama bogate i burne pro\u0161losti, do\u0107i \u0107ete do plemenite civilizacijske razmjene na komadu zemlje \u010dija kulturna\u2026<\/p>\n<\/div><\/div>\n<\/div><\/div><\/div><\/div><\/div>\n<\/div>\n<\/div>\n\n<div class=\"wp-block-columns has-3-columns\">\n<div class=\"wp-block-column\">\n<div class=\"wp-block-getwid-section is-style-bordered is-style-rounded is-style-fit-parent\"><div class=\"wp-block-getwid-section__wrapper getwid-padding-top-medium getwid-padding-bottom-medium getwid-padding-left-medium getwid-padding-right-medium getwid-align-items-flex-start\"><div class=\"wp-block-getwid-section__inner-wrapper\"><div class=\"wp-block-getwid-section__background-holder\"><div class=\"wp-block-getwid-section__background has-background has-white-background-color\"><\/div><div class=\"wp-block-getwid-section__foreground\"><\/div><\/div><div class=\"wp-block-getwid-section__content\"><div class=\"wp-block-getwid-section__inner-content\">\n<div class=\"wp-block-getwid-image-box getwid-animation has-text-center has-mobile-layout-default has-mobile-alignment-default\" data-animation=\"slideBottom\"><div style=\"margin-bottom:30px\" class=\"wp-block-getwid-image-box__image-container is-position-top\"><a href=\"#\" class=\"wp-block-getwid-image-box__image-wrapper\"><img loading=\"lazy\" width=\"768\" height=\"768\" src=\"https:\/\/seamare.eu\/wp-content\/uploads\/2021\/12\/istria-beach.jpg\" alt=\"\" class=\"wp-block-getwid-image-box__image wp-image-1497\" srcset=\"https:\/\/seamare.eu\/wp-content\/uploads\/2021\/12\/istria-beach.jpg 768w, https:\/\/seamare.eu\/wp-content\/uploads\/2021\/12\/istria-beach-300x300.jpg 300w, https:\/\/seamare.eu\/wp-content\/uploads\/2021\/12\/istria-beach-150x150.jpg 150w\" sizes=\"(max-width: 768px) 100vw, 768px\" \/><\/a><\/div><div class=\"wp-block-getwid-image-box__content\">\n<div class=\"wp-block-getwid-advanced-heading\" style=\"margin-bottom:20px\"><h4 class=\"wp-block-getwid-advanced-heading__content\"><a rel=\"noreferrer noopener\" href=\"http:\/\/www.istra.hr\/en\/attractions-and-activities\/coast-and-beaches\" target=\"_blank\">Pla\u017ea i obala<\/a><\/h4><\/div>\n\n\n\n<p>Bilo da se odlu\u010dite za skrivene uvale s bijelim \u0161ljunkom, male ili ve\u0107e uvale ili mirisne grebene obasjane\u2026<\/p>\n<\/div><\/div>\n<\/div><\/div><\/div><\/div><\/div>\n<\/div>\n\n\n\n<div class=\"wp-block-column\">\n<div class=\"wp-block-getwid-section is-style-bordered is-style-rounded is-style-fit-parent\"><div class=\"wp-block-getwid-section__wrapper getwid-padding-top-medium getwid-padding-bottom-medium getwid-padding-left-medium getwid-padding-right-medium getwid-align-items-flex-start\"><div class=\"wp-block-getwid-section__inner-wrapper\"><div class=\"wp-block-getwid-section__background-holder\"><div class=\"wp-block-getwid-section__background has-background has-white-background-color\"><\/div><div class=\"wp-block-getwid-section__foreground\"><\/div><\/div><div class=\"wp-block-getwid-section__content\"><div class=\"wp-block-getwid-section__inner-content\">\n<div class=\"wp-block-getwid-image-box getwid-animation has-text-center has-mobile-layout-default has-mobile-alignment-default\" data-animation=\"slideBottom\"><div style=\"margin-bottom:30px\" class=\"wp-block-getwid-image-box__image-container is-position-top\"><a href=\"#\" class=\"wp-block-getwid-image-box__image-wrapper\"><img loading=\"lazy\" width=\"768\" height=\"768\" src=\"https:\/\/seamare.eu\/wp-content\/uploads\/2021\/12\/istria-events.jpg\" alt=\"\" class=\"wp-block-getwid-image-box__image wp-image-1498\" srcset=\"https:\/\/seamare.eu\/wp-content\/uploads\/2021\/12\/istria-events.jpg 768w, https:\/\/seamare.eu\/wp-content\/uploads\/2021\/12\/istria-events-300x300.jpg 300w, https:\/\/seamare.eu\/wp-content\/uploads\/2021\/12\/istria-events-150x150.jpg 150w\" sizes=\"(max-width: 768px) 100vw, 768px\" \/><\/a><\/div><div class=\"wp-block-getwid-image-box__content\">\n<div class=\"wp-block-getwid-advanced-heading\" style=\"margin-bottom:20px\"><h4 class=\"wp-block-getwid-advanced-heading__content\"><a rel=\"noreferrer noopener\" href=\"http:\/\/www.istra.hr\/en\/attractions-and-activities\/events\" target=\"_blank\">Doga\u0111anja u Istri<\/a><\/h4><\/div>\n\n\n\n<p>Ovdje mo\u017eete vidjeti sve doga\u0111aje koje smo odabrali za vas! Koncerti, doga\u0111anja, tradicionalni, folklorni festivali i ostalo .. <\/p>\n<\/div><\/div>\n<\/div><\/div><\/div><\/div><\/div>\n<\/div>\n<\/div>\n\n<div class=\"wp-block-columns\">\n<div class=\"wp-block-column\" style=\"flex-basis:50%\">\n<div class=\"wp-block-getwid-section is-style-bordered is-style-rounded is-style-fit-parent\"><div class=\"wp-block-getwid-section__wrapper getwid-padding-top-medium getwid-padding-bottom-medium getwid-padding-left-medium getwid-padding-right-medium getwid-align-items-flex-start\"><div class=\"wp-block-getwid-section__inner-wrapper\"><div class=\"wp-block-getwid-section__background-holder\"><div class=\"wp-block-getwid-section__background has-background has-white-background-color\"><\/div><div class=\"wp-block-getwid-section__foreground\"><\/div><\/div><div class=\"wp-block-getwid-section__content\"><div class=\"wp-block-getwid-section__inner-content\">\n<div class=\"wp-block-getwid-image-box getwid-animation has-text-center has-mobile-layout-default has-mobile-alignment-default\" data-animation=\"slideBottom\"><div style=\"margin-bottom:30px\" class=\"wp-block-getwid-image-box__image-container is-position-top\"><a href=\"#\" class=\"wp-block-getwid-image-box__image-wrapper\"><img loading=\"lazy\" width=\"768\" height=\"768\" src=\"https:\/\/seamare.eu\/wp-content\/uploads\/2021\/12\/istria-sports.jpg\" alt=\"\" class=\"wp-block-getwid-image-box__image wp-image-1500\" srcset=\"https:\/\/seamare.eu\/wp-content\/uploads\/2021\/12\/istria-sports.jpg 768w, https:\/\/seamare.eu\/wp-content\/uploads\/2021\/12\/istria-sports-300x300.jpg 300w, https:\/\/seamare.eu\/wp-content\/uploads\/2021\/12\/istria-sports-150x150.jpg 150w\" sizes=\"(max-width: 768px) 100vw, 768px\" \/><\/a><\/div><div class=\"wp-block-getwid-image-box__content\">\n<div class=\"wp-block-getwid-advanced-heading\" style=\"margin-bottom:20px\"><h4 class=\"wp-block-getwid-advanced-heading__content\"><a rel=\"noreferrer noopener\" href=\"https:\/\/www.istra.hr\/en\/experience\/sports-and-outdoor\" target=\"_blank\">Rekreacija i sportske aktivnosti<\/a><\/h4><\/div>\n\n\n\n<p>Sport, rekreacija i zabava u Istri: Biciklizam, jedrenje, jahanje, ronjenje, tenis \u2026 Istra vam nudi mnogo vrsta sporta\u2026<\/p>\n<\/div><\/div>\n<\/div><\/div><\/div><\/div><\/div>\n<\/div>\n\n\n\n<div class=\"wp-block-column\" style=\"flex-basis:50%\"><\/div>\n<\/div>\n\n<p><\/p>\n","protected":false},"excerpt":{"rendered":"","protected":false},"author":1,"featured_media":0,"parent":0,"menu_order":0,"comment_status":"closed","ping_status":"closed","template":"","meta":[],"_links":{"self":[{"href":"https:\/\/seamare.eu\/hr\/wp-json\/wp\/v2\/pages\/2265"}],"collection":[{"href":"https:\/\/seamare.eu\/hr\/wp-json\/wp\/v2\/pages"}],"about":[{"href":"https:\/\/seamare.eu\/hr\/wp-json\/wp\/v2\/types\/page"}],"author":[{"embeddable":true,"href":"https:\/\/seamare.eu\/hr\/wp-json\/wp\/v2\/users\/1"}],"replies":[{"embeddable":true,"href":"https:\/\/seamare.eu\/hr\/wp-json\/wp\/v2\/comments?post=2265"}],"version-history":[{"count":1,"href":"https:\/\/seamare.eu\/hr\/wp-json\/wp\/v2\/pages\/2265\/revisions"}],"predecessor-version":[{"id":2266,"href":"https:\/\/seamare.eu\/hr\/wp-json\/wp\/v2\/pages\/2265\/revisions\/2266"}],"wp:attachment":[{"href":"https:\/\/seamare.eu\/hr\/wp-json\/wp\/v2\/media?parent=2265"}],"curies":[{"name":"wp","href":"https:\/\/api.w.org\/{rel}","templated":true}]}}