{"id":2279,"date":"2021-12-10T10:41:46","date_gmt":"2021-12-10T10:41:46","guid":{"rendered":"https:\/\/seamare.eu\/o-nama\/"},"modified":"2021-12-10T10:51:38","modified_gmt":"2021-12-10T10:51:38","slug":"o-nama","status":"publish","type":"page","link":"https:\/\/seamare.eu\/hr\/o-nama\/","title":{"rendered":"O nama"},"content":{"rendered":"\n<div style=\"height:40px\" aria-hidden=\"true\" class=\"wp-block-spacer\"><\/div>\n\n\n\n<div class=\"wp-block-columns has-2-columns\">\n<div class=\"wp-block-column\">\n<figure class=\"wp-block-image size-full is-style-default\"><img loading=\"lazy\" width=\"800\" height=\"800\" src=\"https:\/\/seamare.eu\/wp-content\/uploads\/2021\/11\/about.jpg\" alt=\"\" class=\"wp-image-1450\" srcset=\"https:\/\/seamare.eu\/wp-content\/uploads\/2021\/11\/about.jpg 800w, https:\/\/seamare.eu\/wp-content\/uploads\/2021\/11\/about-300x300.jpg 300w, https:\/\/seamare.eu\/wp-content\/uploads\/2021\/11\/about-150x150.jpg 150w, https:\/\/seamare.eu\/wp-content\/uploads\/2021\/11\/about-768x768.jpg 768w\" sizes=\"(max-width: 800px) 100vw, 800px\" \/><\/figure>\n<\/div>\n\n\n\n<div class=\"wp-block-column\">\n<div class=\"wp-block-getwid-advanced-heading\" style=\"margin-bottom:0px\"><h2 class=\"wp-block-getwid-advanced-heading__content has-text-color has-light-sea-green-color\" style=\"font-family:&quot;Fasthand&quot;;font-weight:normal\">Seamare obiteljske ku\u0107e u Istri<\/h2><\/div>\n\n\n\n<div class=\"wp-block-getwid-advanced-heading\"><h2 class=\"wp-block-getwid-advanced-heading__content\">Donosi Vam odmor iz snova <\/h2><\/div>\n\n\n\n<p>Seamare pru\u017ea opu\u0161taju\u0107i obiteljski odmor u na\u0161im vilama diljem Istre. Iz Pule, Vodnjana, Savin\u010denta nudimo renovirane i ugodno ure\u0111ene vile s bazenom. <\/p>\n\n\n\n<p>Na\u0161 upravitelj rezervacija upravlja tim objektima, a na\u0161 doma\u0107in \u0107e vas do\u010dekati na licu mjesta. Govorimo engleski jezik i radujemo se \u0161to \u0107emo Vas ugostiti u na\u0161im udobnim vilama. <\/p>\n<\/div>\n<\/div>\n\n\n\n<div class=\"wp-block-getwid-advanced-heading\" style=\"margin-bottom:0px;margin-top:46px\"><h2 class=\"wp-block-getwid-advanced-heading__content has-text-color has-light-sea-green-color\" style=\"text-align:center;font-family:&quot;Fasthand&quot;;font-weight:normal\">Za\u0161to mi<\/h2><\/div>\n\n\n\n<div class=\"wp-block-getwid-advanced-heading\" style=\"margin-bottom:45px;margin-top:0px\"><h2 class=\"wp-block-getwid-advanced-heading__content\" style=\"text-align:center\"> Jer je Va\u0161 bezbri\u017eni odmor na\u0161a misija<\/h2><\/div>\n\n\n\n<div class=\"wp-block-columns has-3-columns\">\n<div class=\"wp-block-column\">\n<div class=\"wp-block-getwid-section is-style-bordered is-style-rounded is-style-fit-parent\"><div class=\"wp-block-getwid-section__wrapper getwid-padding-top-medium getwid-padding-bottom-medium getwid-padding-left-medium getwid-padding-right-medium getwid-align-items-flex-start\"><div class=\"wp-block-getwid-section__inner-wrapper\"><div class=\"wp-block-getwid-section__background-holder\"><div class=\"wp-block-getwid-section__background has-background has-white-background-color\"><\/div><div class=\"wp-block-getwid-section__foreground\"><\/div><\/div><div class=\"wp-block-getwid-section__content\"><div class=\"wp-block-getwid-section__inner-content\">\n<div class=\"wp-block-getwid-image-box getwid-animation has-text-center has-mobile-layout-default has-mobile-alignment-default\" data-animation=\"slideBottom\"><div style=\"margin-bottom:30px\" class=\"wp-block-getwid-image-box__image-container is-position-top\"><a href=\"#\" class=\"wp-block-getwid-image-box__image-wrapper\"><img loading=\"lazy\" width=\"64\" height=\"64\" src=\"https:\/\/seamare.eu\/wp-content\/uploads\/2019\/09\/warranty-and-return.png\" alt=\"\" class=\"wp-block-getwid-image-box__image wp-image-715\"\/><\/a><\/div><div class=\"wp-block-getwid-image-box__content\">\n<div class=\"wp-block-getwid-advanced-heading\" style=\"margin-bottom:20px\"><h4 class=\"wp-block-getwid-advanced-heading__content\">Iskusno osoblje<\/h4><\/div>\n\n\n\n<p>Na raspolaganju od 0\/24<\/p>\n<\/div><\/div>\n<\/div><\/div><\/div><\/div><\/div>\n<\/div>\n\n\n\n<div class=\"wp-block-column\">\n<div class=\"wp-block-getwid-section is-style-bordered is-style-rounded is-style-fit-parent\"><div class=\"wp-block-getwid-section__wrapper getwid-padding-top-medium getwid-padding-bottom-medium getwid-padding-left-medium getwid-padding-right-medium getwid-align-items-flex-start\"><div class=\"wp-block-getwid-section__inner-wrapper\"><div class=\"wp-block-getwid-section__background-holder\"><div class=\"wp-block-getwid-section__background has-background has-white-background-color\"><\/div><div class=\"wp-block-getwid-section__foreground\"><\/div><\/div><div class=\"wp-block-getwid-section__content\"><div class=\"wp-block-getwid-section__inner-content\">\n<div class=\"wp-block-getwid-image-box getwid-animation has-text-center has-mobile-layout-default has-mobile-alignment-default\" data-animation=\"slideBottom\"><div style=\"margin-bottom:30px\" class=\"wp-block-getwid-image-box__image-container is-position-top\"><a href=\"#\" class=\"wp-block-getwid-image-box__image-wrapper\"><img loading=\"lazy\" width=\"64\" height=\"64\" src=\"https:\/\/seamare.eu\/wp-content\/uploads\/2019\/09\/integrity1.png\" alt=\"\" class=\"wp-block-getwid-image-box__image wp-image-844\"\/><\/a><\/div><div class=\"wp-block-getwid-image-box__content\">\n<div class=\"wp-block-getwid-advanced-heading\" style=\"margin-bottom:20px\"><h4 class=\"wp-block-getwid-advanced-heading__content\">Povjerenje i sigurnost<\/h4><\/div>\n\n\n\n<p>Tradicija jo\u0161 od 1991.<\/p>\n<\/div><\/div>\n<\/div><\/div><\/div><\/div><\/div>\n<\/div>\n\n\n\n<div class=\"wp-block-column\">\n<div class=\"wp-block-getwid-section is-style-bordered is-style-rounded is-style-fit-parent\"><div class=\"wp-block-getwid-section__wrapper getwid-padding-top-medium getwid-padding-bottom-medium getwid-padding-left-medium getwid-padding-right-medium getwid-align-items-flex-start\"><div class=\"wp-block-getwid-section__inner-wrapper\"><div class=\"wp-block-getwid-section__background-holder\"><div class=\"wp-block-getwid-section__background has-background has-white-background-color\"><\/div><div class=\"wp-block-getwid-section__foreground\"><\/div><\/div><div class=\"wp-block-getwid-section__content\"><div class=\"wp-block-getwid-section__inner-content\">\n<div class=\"wp-block-getwid-image-box getwid-animation has-text-center has-mobile-layout-default has-mobile-alignment-default\" data-animation=\"slideBottom\"><div style=\"margin-bottom:30px\" class=\"wp-block-getwid-image-box__image-container is-position-top\"><a href=\"#\" class=\"wp-block-getwid-image-box__image-wrapper\"><img loading=\"lazy\" width=\"64\" height=\"64\" src=\"https:\/\/seamare.eu\/wp-content\/uploads\/2019\/09\/mastery1.png\" alt=\"\" class=\"wp-block-getwid-image-box__image wp-image-845\"\/><\/a><\/div><div class=\"wp-block-getwid-image-box__content\">\n<div class=\"wp-block-getwid-advanced-heading\" style=\"margin-bottom:20px\"><h4 class=\"wp-block-getwid-advanced-heading__content\">Jamstvo najni\u017ee cijene<\/h4><\/div>\n\n\n\n<p>Najbolje ponude putem direktne rezervacije<\/p>\n<\/div><\/div>\n<\/div><\/div><\/div><\/div><\/div>\n<\/div>\n<\/div>\n\n\n\n<div class=\"wp-block-columns has-3-columns\">\n<div class=\"wp-block-column\">\n<div class=\"wp-block-getwid-section is-style-bordered is-style-rounded is-style-fit-parent\"><div class=\"wp-block-getwid-section__wrapper getwid-padding-top-medium getwid-padding-bottom-medium getwid-padding-left-medium getwid-padding-right-medium getwid-align-items-flex-start\"><div class=\"wp-block-getwid-section__inner-wrapper\"><div class=\"wp-block-getwid-section__background-holder\"><div class=\"wp-block-getwid-section__background has-background has-white-background-color\"><\/div><div class=\"wp-block-getwid-section__foreground\"><\/div><\/div><div class=\"wp-block-getwid-section__content\"><div class=\"wp-block-getwid-section__inner-content\">\n<div class=\"wp-block-getwid-image-box getwid-animation has-text-center has-mobile-layout-default has-mobile-alignment-default\" data-animation=\"slideBottom\"><div style=\"margin-bottom:30px\" class=\"wp-block-getwid-image-box__image-container is-position-top\"><a href=\"#\" class=\"wp-block-getwid-image-box__image-wrapper\"><img loading=\"lazy\" width=\"64\" height=\"64\" src=\"https:\/\/seamare.eu\/wp-content\/uploads\/2019\/09\/renting-out1.png\" alt=\"\" class=\"wp-block-getwid-image-box__image wp-image-852\"\/><\/a><\/div><div class=\"wp-block-getwid-image-box__content\">\n<div class=\"wp-block-getwid-advanced-heading\" style=\"margin-bottom:20px\"><h4 class=\"wp-block-getwid-advanced-heading__content\">O\u010daravaju\u0107e lokacije<\/h4><\/div>\n\n\n\n<p>Svega nekoliko koraka od vas<\/p>\n<\/div><\/div>\n<\/div><\/div><\/div><\/div><\/div>\n<\/div>\n\n\n\n<div class=\"wp-block-column\">\n<div class=\"wp-block-getwid-section is-style-bordered is-style-rounded is-style-fit-parent\"><div class=\"wp-block-getwid-section__wrapper getwid-padding-top-medium getwid-padding-bottom-medium getwid-padding-left-medium getwid-padding-right-medium getwid-align-items-flex-start\"><div class=\"wp-block-getwid-section__inner-wrapper\"><div class=\"wp-block-getwid-section__background-holder\"><div class=\"wp-block-getwid-section__background has-background has-white-background-color\"><\/div><div class=\"wp-block-getwid-section__foreground\"><\/div><\/div><div class=\"wp-block-getwid-section__content\"><div class=\"wp-block-getwid-section__inner-content\">\n<div class=\"wp-block-getwid-image-box getwid-animation has-text-center has-mobile-layout-default has-mobile-alignment-default\" data-animation=\"slideBottom\"><div style=\"margin-bottom:30px\" class=\"wp-block-getwid-image-box__image-container is-position-top\"><a href=\"#\" class=\"wp-block-getwid-image-box__image-wrapper\"><img loading=\"lazy\" width=\"64\" height=\"64\" src=\"https:\/\/seamare.eu\/wp-content\/uploads\/2019\/09\/innovative1.png\" alt=\"\" class=\"wp-block-getwid-image-box__image wp-image-847\"\/><\/a><\/div><div class=\"wp-block-getwid-image-box__content\">\n<div class=\"wp-block-getwid-advanced-heading\" style=\"margin-bottom:20px\"><h4 class=\"wp-block-getwid-advanced-heading__content\">Strastveno putovanje<\/h4><\/div>\n\n\n\n<p>Istra\u017eite \u010darobnu Istru<\/p>\n<\/div><\/div>\n<\/div><\/div><\/div><\/div><\/div>\n<\/div>\n\n\n\n<div class=\"wp-block-column\">\n<div class=\"wp-block-getwid-section is-style-bordered is-style-rounded is-style-fit-parent\"><div class=\"wp-block-getwid-section__wrapper getwid-padding-top-medium getwid-padding-bottom-medium getwid-padding-left-medium getwid-padding-right-medium getwid-align-items-flex-start\"><div class=\"wp-block-getwid-section__inner-wrapper\"><div class=\"wp-block-getwid-section__background-holder\"><div class=\"wp-block-getwid-section__background has-background has-white-background-color\"><\/div><div class=\"wp-block-getwid-section__foreground\"><\/div><\/div><div class=\"wp-block-getwid-section__content\"><div class=\"wp-block-getwid-section__inner-content\">\n<div class=\"wp-block-getwid-image-box getwid-animation has-text-center has-mobile-layout-default has-mobile-alignment-default\" data-animation=\"slideBottom\"><div style=\"margin-bottom:30px\" class=\"wp-block-getwid-image-box__image-container is-position-top\"><a href=\"#\" class=\"wp-block-getwid-image-box__image-wrapper\"><img loading=\"lazy\" width=\"64\" height=\"64\" src=\"https:\/\/seamare.eu\/wp-content\/uploads\/2019\/09\/booking-online1.png\" alt=\"\" class=\"wp-block-getwid-image-box__image wp-image-851\"\/><\/a><\/div><div class=\"wp-block-getwid-image-box__content\">\n<div class=\"wp-block-getwid-advanced-heading\" style=\"margin-bottom:20px\"><h4 class=\"wp-block-getwid-advanced-heading__content\">Brza rezervacija<\/h4><\/div>\n\n\n\n<p>Tri klika i ovdje ste!<\/p>\n<\/div><\/div>\n<\/div><\/div><\/div><\/div><\/div>\n<\/div>\n<\/div>\n\n\n\n<div style=\"height:56px\" aria-hidden=\"true\" class=\"wp-block-spacer\"><\/div>\n","protected":false},"excerpt":{"rendered":"<p>Seamare pru\u017ea opu\u0161taju\u0107i obiteljski odmor u na\u0161im vilama diljem Istre. Iz Pule, Vodnjana, Savin\u010denta nudimo renovirane i ugodno ure\u0111ene vile s bazenom. Na\u0161 upravitelj rezervacija upravlja tim objektima, a na\u0161 doma\u0107in \u0107e vas do\u010dekati na licu mjesta. Govorimo engleski jezik i radujemo se \u0161to \u0107emo Vas ugostiti u na\u0161im udobnim vilama.<\/p>\n","protected":false},"author":1,"featured_media":0,"parent":0,"menu_order":0,"comment_status":"closed","ping_status":"closed","template":"template-wide-page.php","meta":[],"_links":{"self":[{"href":"https:\/\/seamare.eu\/hr\/wp-json\/wp\/v2\/pages\/2279"}],"collection":[{"href":"https:\/\/seamare.eu\/hr\/wp-json\/wp\/v2\/pages"}],"about":[{"href":"https:\/\/seamare.eu\/hr\/wp-json\/wp\/v2\/types\/page"}],"author":[{"embeddable":true,"href":"https:\/\/seamare.eu\/hr\/wp-json\/wp\/v2\/users\/1"}],"replies":[{"embeddable":true,"href":"https:\/\/seamare.eu\/hr\/wp-json\/wp\/v2\/comments?post=2279"}],"version-history":[{"count":2,"href":"https:\/\/seamare.eu\/hr\/wp-json\/wp\/v2\/pages\/2279\/revisions"}],"predecessor-version":[{"id":2281,"href":"https:\/\/seamare.eu\/hr\/wp-json\/wp\/v2\/pages\/2279\/revisions\/2281"}],"wp:attachment":[{"href":"https:\/\/seamare.eu\/hr\/wp-json\/wp\/v2\/media?parent=2279"}],"curies":[{"name":"wp","href":"https:\/\/api.w.org\/{rel}","templated":true}]}}