{"id":2283,"date":"2021-12-10T10:58:56","date_gmt":"2021-12-10T10:58:56","guid":{"rendered":"https:\/\/seamare.eu\/kontakt\/"},"modified":"2021-12-10T11:18:56","modified_gmt":"2021-12-10T11:18:56","slug":"kontakt","status":"publish","type":"page","link":"https:\/\/seamare.eu\/hr\/kontakt\/","title":{"rendered":"Kontakt"},"content":{"rendered":"\n<div class=\"wp-block-columns has-2-columns\">\n<div class=\"wp-block-column\">\n<div class=\"wp-block-getwid-advanced-heading\" style=\"margin-bottom:30px\"><h2 class=\"wp-block-getwid-advanced-heading__content\">Kako vam danas mo\u017eemo pomo\u0107i?<\/h2><\/div>\n\n\n\n<p>Slobodno nas kontaktirajte izravno ako imate bilo kakvih pitanja u vezi smje\u0161taja, o\u010dekujemo Va\u0161 dolazak.<\/p>\n\n\n\n<p>Jednostavno ispunite svoje osobne podatke i dopustite nam da stupimo u kontakt s Vama. Obi\u010dno tim za podr\u0161ku odgovara u roku od jednog radnog dana, tako da ne morate \u010dekati. Ili nas nazovite izravno na telefon.   <\/p>\n\n\n\n<div style=\"height:20px\" aria-hidden=\"true\" class=\"wp-block-spacer\"><\/div>\n\n\n\n<div class=\"wp-block-getwid-advanced-heading has-custom-font-size\" style=\"font-size:14px;margin-bottom:0px\"><span class=\"wp-block-getwid-advanced-heading__content\">Adresa<\/span><\/div>\n\n\n\n<div class=\"wp-block-getwid-advanced-heading has-custom-font-size\" style=\"font-size:normal\"><span class=\"wp-block-getwid-advanced-heading__content has-text-color has-arsenic-color\" style=\"font-weight:500\">Pula, Vodnjan, Svetvin\u010denat<\/span><\/div>\n\n\n\n<div class=\"wp-block-getwid-advanced-heading has-custom-font-size\" style=\"font-size:14px;margin-bottom:0px\"><span class=\"wp-block-getwid-advanced-heading__content\">Telefon <\/span><\/div>\n\n\n\n<div class=\"wp-block-getwid-advanced-heading has-custom-font-size\" style=\"font-size:normal\"><span class=\"wp-block-getwid-advanced-heading__content has-text-color has-arsenic-color\" style=\"font-weight:500\"><a href=\"tel:19544566789\">  +385 99 739 0577<\/a><\/span><\/div>\n\n\n\n<div class=\"wp-block-getwid-advanced-heading has-custom-font-size\" style=\"font-size:14px;margin-bottom:0px\"><span class=\"wp-block-getwid-advanced-heading__content\">Email<\/span><\/div>\n\n\n\n<div class=\"wp-block-getwid-advanced-heading has-custom-font-size\" style=\"font-size:normal\"><span class=\"wp-block-getwid-advanced-heading__content has-text-color has-arsenic-color\" style=\"font-weight:500\"><a href=\"mailto:semarecroatia@gmail.com\"><\/a><a href=\"mailto:semarecroatia@gmail.com\">semarecroatia@gmail.com<\/a><\/span><\/div>\n\n\n\n<p><\/p>\n<\/div>\n\n\n\n<div class=\"wp-block-column\">\n<div class=\"wp-block-getwid-section\"><div class=\"wp-block-getwid-section__wrapper getwid-padding-top-medium getwid-padding-bottom-medium getwid-padding-left-medium getwid-padding-right-medium\"><div class=\"wp-block-getwid-section__inner-wrapper\"><div class=\"wp-block-getwid-section__background-holder\"><div class=\"wp-block-getwid-section__background has-background has-white-background-color\"><\/div><div class=\"wp-block-getwid-section__foreground\"><\/div><\/div><div class=\"wp-block-getwid-section__content\"><div class=\"wp-block-getwid-section__inner-content\">        <div class='wp-block-getwid-contact-form'>\n            <form class='wp-block-getwid-contact-form__form'>\n    \n        <p class='wp-block-getwid-field-name'>\n\t    <label\n        for='name-69e0921a78304'\n        class='wp-block-getwid-field-name__label'\n    >Va\u0161e ime *<\/label>\n\t    <input id='name-69e0921a78304' type='text' name='name'            placeholder='Unesite Va\u0161e ime'             required=''\n            \/>\n<\/p>\n\n\n        <p class='wp-block-getwid-field-email'>\n\t    <label\n\t\tfor='email-69e0921a78482'\n        class='wp-block-getwid-field-email__label'\n    >Va\u0161 email *<\/label>\n\t    <input id='email-69e0921a78482' type='email' name='email'             placeholder='Unesite Va\u0161 email'             required=''    \/>\n<\/p>\n\n\n        <p class='wp-block-getwid-field-textarea'>\n\t    <label\n\t\tfor='message-69e0921a785c7'\n        class='wp-block-getwid-field-textarea__label'\n    >Poruka<\/label>\n\t    <textarea\n\t\tid='message-69e0921a785c7' rows='5' name='message'            placeholder='Unesite poruku...'            required=''\n            ><\/textarea>\n<\/p>\n\n\n    <input name='subject' \t\ttype='hidden'\n\t\/>\n\n\t<p class='wp-block-getwid-contact-form__result'><\/p>\n\n\t<div class='wp-block-getwid-contact-form__submit'>\n\t\t<div class='wp-block-button'>\n\t\t\t<button\n\t\t\t\ttype='submit'\n\t\t\t\tclass='wp-block-button__link '\t\t\t\t\tstyle=''\t\t\t>Po\u0161alji poruku<\/button>\n\t\t<\/div>\n\n\t<\/div>\n<\/form>\n        <\/div><\/div><\/div><\/div><\/div><\/div>\n<\/div>\n<\/div>\n\n\n\n<p><\/p>\n","protected":false},"excerpt":{"rendered":"<p>Slobodno nas kontaktirajte izravno ako imate bilo kakvih pitanja u vezi smje\u0161taja, o\u010dekujemo Va\u0161 dolazak. Jednostavno ispunite svoje osobne podatke i dopustite nam da stupimo u kontakt s Vama. Obi\u010dno tim za podr\u0161ku odgovara u roku od jednog radnog dana, tako da ne morate \u010dekati. Ili nas nazovite izravno na telefon.<\/p>\n","protected":false},"author":1,"featured_media":0,"parent":0,"menu_order":0,"comment_status":"closed","ping_status":"closed","template":"template-wide-page.php","meta":[],"_links":{"self":[{"href":"https:\/\/seamare.eu\/hr\/wp-json\/wp\/v2\/pages\/2283"}],"collection":[{"href":"https:\/\/seamare.eu\/hr\/wp-json\/wp\/v2\/pages"}],"about":[{"href":"https:\/\/seamare.eu\/hr\/wp-json\/wp\/v2\/types\/page"}],"author":[{"embeddable":true,"href":"https:\/\/seamare.eu\/hr\/wp-json\/wp\/v2\/users\/1"}],"replies":[{"embeddable":true,"href":"https:\/\/seamare.eu\/hr\/wp-json\/wp\/v2\/comments?post=2283"}],"version-history":[{"count":2,"href":"https:\/\/seamare.eu\/hr\/wp-json\/wp\/v2\/pages\/2283\/revisions"}],"predecessor-version":[{"id":2286,"href":"https:\/\/seamare.eu\/hr\/wp-json\/wp\/v2\/pages\/2283\/revisions\/2286"}],"wp:attachment":[{"href":"https:\/\/seamare.eu\/hr\/wp-json\/wp\/v2\/media?parent=2283"}],"curies":[{"name":"wp","href":"https:\/\/api.w.org\/{rel}","templated":true}]}}