{"id":2358,"date":"2021-12-15T08:00:28","date_gmt":"2021-12-15T08:00:28","guid":{"rendered":"https:\/\/seamare.eu\/kucna-pravila\/"},"modified":"2021-12-15T08:00:28","modified_gmt":"2021-12-15T08:00:28","slug":"kucna-pravila","status":"publish","type":"page","link":"https:\/\/seamare.eu\/hr\/kucna-pravila\/","title":{"rendered":"Ku\u0107na pravila"},"content":{"rendered":"\n<p>Seamare kao vlasnik nekretnine \u017eeli Vam dobrodo\u0161licu i nada se da \u0107ete imati lijep odmor u na\u0161oj vili. Nadamo se da \u0107ete se za vrijeme svog boravka brinuti o njemu kao o svom domu. <\/p>\n\n<p><strong>Tijekom va\u0161eg boravka o\u010dekuje se sljede\u0107e:<\/strong><\/p>\n\n<p>OP\u0106ENITO<br\/>Prijava nakon 16 sati na dan dolaska. Nemojte prekora\u010diti broj prijavljenih osoba. Budite pa\u017eljivi prema svojim susjedima, izbjegavajte glasno\u0107u i buku, osobito izme\u0111u 22h i 8h. Ovo su vile uglavnom za obitelji, a ne za zabave. Okolina je tiha i mirna i \u017eeljeli bismo da tako i ostane.<\/p>\n\n<p>\u0160TETE I OSIGURANJE<br\/>Vi ste osobno odgovorni za sve \u0161to o\u0161tetite. Kontaktirajte nas \u0161to je prije mogu\u0107e kako bismo utvrdili. Tako\u0111er ste odgovorni za svoje osobne stvari.<br\/>Preporu\u010dujemo kupnju putni\u010dkog osiguranja u svojoj zemlji.<br\/>U slu\u010daju osobne ozljede uvijek se obratite svom osiguravaju\u0107em dru\u0161tvu. Vlasnik ku\u0107e ili agencija ne mogu biti odgovorni, ali su dostupni ako vam treba pomo\u0107.<\/p>\n\n<p>BAZEN<br\/>Koristite bazen na vlastitu odgovornost. Dr\u017eite djecu pod stalnim nadzorom. Istu\u0161irajte se prije kori\u0161tenja bazena. Ne ulazite mokri u ku\u0107u i ne koristite unutarnji namje\u0161taj. Ku\u0107nim ljubimcima nije dopu\u0161ten ulazak u bazen. Postoji raspored \u010di\u0161\u0107enja bazena, obi\u010dno jednom ili dva puta tjedno.     <\/p>\n\n<p>DJECA<br\/>Djeca bi trebala biti pod stalnim nadzorom odraslih, posebno tijekom rizi\u010dnih aktivnosti poput kori\u0161tenja bazena.<\/p>\n\n<p>KU\u0106NI LJUBIMCI<br\/>Ku\u0107ni ljubimci smiju boraviti u ku\u0107i samo uz prethodno odobrenje. Ne smiju koristiti nikakav namje\u0161taj, koristiti bazen ili biti mokri u zatvorenom prostoru. Ku\u0107ni ljubimac ne smije slobodno izlaziti iz posjeda vile i ne smije uznemiravati susjede ili druge \u017eivotinje u blizini. Na izlasku molimo da temeljito o\u010distite iza njih, pogotovo ako pas lako gubi dlaku.   <\/p>\n\n<p>BILJKE I \u017dIVOTINJE<br\/>Nemojte o\u0161tetiti biljke ili travu. Postoji vrtlar koji se o njima brine obi\u010dno jednom tjedno. Ne uznemiravajte \u017eivotinje, posebno lastavice (ptice) koje imaju svoja gnijezda pri\u010dvr\u0161\u0107ena uz ku\u0107u.  <\/p>\n\n<p>AUTO<br\/>Vozila se moraju dr\u017eati na parkingu vile ili gara\u017ei, a ne na travnatim povr\u0161inama.<\/p>\n\n<p>KLIMA I GRIJANJE<br\/>Koristite ga samo sa zatvorenim vratima i prozorima. Isklju\u010dite ga kada iza\u0111ete iz ku\u0107e. Tako\u0111er isklju\u010dite plin, vodu i elektri\u010dnu opremu.  <\/p>\n\n<p>RO\u0160TILJ I KAMIN<br\/>Vatru dr\u017eite pod stalnom kontrolom, ljeti je sve okolo jako suho i lako zapaljivo. Upotrijebite malu koli\u010dinu vode kako biste sigurno ugasili vatru na vanjskom ro\u0161tilju. <\/p>\n\n<p>TV, INTERNET, OPREMA<br\/>Provjerite jeste li razumjeli kako koristiti elektri\u010dnu opremu s kojom niste upoznati i nemojte mijenjati postoje\u0107e postavke. Wi-Fi internet veza je dostupna u podru\u010dju ku\u0107e. <\/p>\n\n<p>VANJSKI DIO<br\/>Pazite na vjetar i zatvorite suncobrane i tendu ako bude ja\u010di. Nemojte koristiti unutarnji namje\u0161taj vani. <\/p>\n\n<p>\u010cI\u0160\u0106ENJE<br\/>Molimo da objekte odr\u017eavate \u010distima, posebno kuhinju i toalete. Posteljina i ru\u010dnici se mijenjaju svakih 7 dana. Stavite svo sme\u0107e u za to predvi\u0111ene posude i dr\u017eite zemlju \u010distom od sme\u0107a. Svo sme\u0107e odnesite u uli\u010dno sme\u0107e koje se prazni svakog \u010detvrtka. Na odlasku redovito \u010distite pe\u0107nicu i svo posu\u0111e, jer produ\u017eeno \u010di\u0161\u0107enje ku\u0107e nije uklju\u010deno u cijenu redovitog \u010di\u0161\u0107enja. Ako ste sa sobom imali svog ljubimca, molimo vas da ga temeljito o\u010distite, pogotovo ako pas lako izgubi dlaku.     <\/p>\n\n<p>NA VA\u0160EM ODLAZKU<br\/>Ostavite nekretninu u istom stanju u kakvom biste je \u017eeljeli prona\u0107i za sebe. Ostavite uredan prostor za sljede\u0107e goste. Namje\u0161taj koristite samo za njegovu namjenu i vratite ga u prvobitni polo\u017eaj na kraju svog boravka. Na dan odlaska molimo napustite vilu do 10 sati.   <\/p>\n\n<p><strong>Za bilo kakvu pomo\u0107 tijekom boravka \u2013 kontaktirajte nas: +385 99 739 0577<\/strong><\/p>\n","protected":false},"excerpt":{"rendered":"<p>Seamare kao vlasnik nekretnine \u017eeli Vam dobrodo\u0161licu i nada se da \u0107ete imati lijep odmor u na\u0161oj vili. Nadamo se da \u0107ete se za vrijeme svog boravka brinuti o njemu kao o svom domu. Tijekom va\u0161eg boravka o\u010dekuje se sljede\u0107e: OP\u0106ENITOPrijava nakon 16 sati na dan dolaska. Nemojte prekora\u010diti broj prijavljenih osoba. Budite pa\u017eljivi prema [&hellip;]<\/p>\n","protected":false},"author":1,"featured_media":0,"parent":0,"menu_order":0,"comment_status":"closed","ping_status":"closed","template":"","meta":[],"_links":{"self":[{"href":"https:\/\/seamare.eu\/hr\/wp-json\/wp\/v2\/pages\/2358"}],"collection":[{"href":"https:\/\/seamare.eu\/hr\/wp-json\/wp\/v2\/pages"}],"about":[{"href":"https:\/\/seamare.eu\/hr\/wp-json\/wp\/v2\/types\/page"}],"author":[{"embeddable":true,"href":"https:\/\/seamare.eu\/hr\/wp-json\/wp\/v2\/users\/1"}],"replies":[{"embeddable":true,"href":"https:\/\/seamare.eu\/hr\/wp-json\/wp\/v2\/comments?post=2358"}],"version-history":[{"count":1,"href":"https:\/\/seamare.eu\/hr\/wp-json\/wp\/v2\/pages\/2358\/revisions"}],"predecessor-version":[{"id":2359,"href":"https:\/\/seamare.eu\/hr\/wp-json\/wp\/v2\/pages\/2358\/revisions\/2359"}],"wp:attachment":[{"href":"https:\/\/seamare.eu\/hr\/wp-json\/wp\/v2\/media?parent=2358"}],"curies":[{"name":"wp","href":"https:\/\/api.w.org\/{rel}","templated":true}]}}